{"id":21,"date":"2023-07-11T08:11:06","date_gmt":"2023-07-11T08:11:06","guid":{"rendered":"https:\/\/staging.klauskuester.com\/?page_id=21"},"modified":"2023-07-11T11:34:27","modified_gmt":"2023-07-11T11:34:27","slug":"startseite","status":"publish","type":"page","link":"https:\/\/staging.klauskuester.com\/","title":{"rendered":"Startseite"},"content":{"rendered":"\n<h2 class=\"wp-block-heading\">Klaus K\u00fcster<\/h2>\n\n\n\n<p>Diese Website besch\u00e4ftigt sich ausschlie\u00dflich mit Fotoarbeiten meiner k\u00fcnstlerischen T\u00e4tigkeit.\u00a0In regelm\u00e4\u00dfigen Abst\u00e4nden werde ich auf dieser Seite meine neuesten Fotoserien vorstellen.\u00a0<\/p>\n\n\n\n<p>Parallel werden diese Serien im Schaufenster meines Ateliers in der Reg. Piemontstr. 5 in Radolfzell im Original zu sehen sein.&nbsp;<\/p>\n\n\n\n<p>M\u00f6chten Sie gerne eine Beratung und weitere Informationen, so k\u00f6nnen Sie gerne einen Termin mit mir vereinbaren.&nbsp;<\/p>\n\n\n\n<p>Meine Rufnummer 0174 6689710&nbsp;<\/p>\n\n\n\n<p>Sollten Sie Interesse an meinen Aktivit\u00e4ten haben so k\u00f6nnen Sie sich auf dieser Seite informieren oder Sie hinterlassen mir ihre Email Adresse, dann werden Sie automatisch von mir benachrichtigt.&nbsp;<\/p>\n","protected":false},"excerpt":{"rendered":"<p>Klaus K\u00fcster Diese Website besch\u00e4ftigt sich ausschlie\u00dflich mit Fotoarbeiten meiner k\u00fcnstlerischen T\u00e4tigkeit.\u00a0In regelm\u00e4\u00dfigen Abst\u00e4nden werde ich auf dieser Seite meine neuesten Fotoserien vorstellen.\u00a0 Parallel werden diese Serien im Schaufenster meines Ateliers in der Reg. Piemontstr. 5 in Radolfzell im Original zu sehen sein.&nbsp; M\u00f6chten Sie gerne eine Beratung und weitere Informationen, so k\u00f6nnen Sie gerne [&hellip;]<\/p>\n","protected":false},"author":1,"featured_media":0,"parent":0,"menu_order":0,"comment_status":"closed","ping_status":"closed","template":"page-templates\/ausstellungen.php","meta":{"footnotes":""},"class_list":["post-21","page","type-page","status-publish","hentry"],"acf":[],"_links":{"self":[{"href":"https:\/\/staging.klauskuester.com\/index.php?rest_route=\/wp\/v2\/pages\/21","targetHints":{"allow":["GET"]}}],"collection":[{"href":"https:\/\/staging.klauskuester.com\/index.php?rest_route=\/wp\/v2\/pages"}],"about":[{"href":"https:\/\/staging.klauskuester.com\/index.php?rest_route=\/wp\/v2\/types\/page"}],"author":[{"embeddable":true,"href":"https:\/\/staging.klauskuester.com\/index.php?rest_route=\/wp\/v2\/users\/1"}],"replies":[{"embeddable":true,"href":"https:\/\/staging.klauskuester.com\/index.php?rest_route=%2Fwp%2Fv2%2Fcomments&post=21"}],"version-history":[{"count":4,"href":"https:\/\/staging.klauskuester.com\/index.php?rest_route=\/wp\/v2\/pages\/21\/revisions"}],"predecessor-version":[{"id":28,"href":"https:\/\/staging.klauskuester.com\/index.php?rest_route=\/wp\/v2\/pages\/21\/revisions\/28"}],"wp:attachment":[{"href":"https:\/\/staging.klauskuester.com\/index.php?rest_route=%2Fwp%2Fv2%2Fmedia&parent=21"}],"curies":[{"name":"wp","href":"https:\/\/api.w.org\/{rel}","templated":true}]}}